{"id":106,"date":"2026-01-16T14:32:25","date_gmt":"2026-01-16T13:32:25","guid":{"rendered":"https:\/\/cwmeknes.com\/product\/kryo-x26-mtb-model-x\/"},"modified":"2026-01-29T11:29:28","modified_gmt":"2026-01-29T10:29:28","slug":"kryo-x26-mtb-model-x","status":"publish","type":"product","link":"https:\/\/cwmeknes.com\/?product=kryo-x26-mtb-model-x","title":{"rendered":"HP EliteBook x360 830 G7 I5 10th 16 GB RAM \/ 512GB SSD"},"content":{"rendered":"<p>HP EliteBook x360 830 G7 \u2013 Polyvalence &amp; \u00c9l\u00e9gance 2-en-1<\/p>\n<p>&#x1f539; Processeur : Intel Core i5-10210U (10e g\u00e9n\u00e9ration) \u2013 4 c\u0153urs \/ 8 threads, fr\u00e9quence de base 1.6 GHz et jusqu\u2019\u00e0 4.2 GHz en Turbo Boost \u2013 Performant et \u00e9conome en \u00e9nergie<br \/>\n&#x1f539; RAM : 16 Go DDR4 \u2013 Excellente fluidit\u00e9 pour le multit\u00e2che et les logiciels professionnels<br \/>\n&#x1f539; Stockage : 512 Go SSD NVMe \u2013 Vitesse fulgurante et grande r\u00e9activit\u00e9<br \/>\n&#x1f539; Carte graphique : Intel UHD Graphics \u2013 Parfait pour la bureautique, le multim\u00e9dia et la visioconf\u00e9rence<br \/>\n&#x1f539; \u00c9cran : 13.3 pouces Full HD tactile convertible (360\u00b0) \u2013 Utilisation en mode PC ou tablette &#x1f4f1;&#x1f4bb;<br \/>\n&#x1f539; Clavier : QWERTY \u2013 Confort d\u2019\u00e9criture<br \/>\n&#x1f539; Batterie : autonomie fiable +3~4 heures &#x1f50b; \u2013 Id\u00e9al pour la mobilit\u00e9 et le travail en d\u00e9placement<\/p>\n<p>&#x1f539; Connectivit\u00e9 :<br \/>\n\u2022 2\u00d7 USB-C (Thunderbolt)<br \/>\n\u2022 USB 3.1<br \/>\n\u2022 HDMI<br \/>\n\u2022 Wi-Fi &amp; Bluetooth<br \/>\n\u2022 Prise casque\/micro<\/p>\n<p>&#x1f539; Syst\u00e8me d\u2019exploitation : Windows 10 Pro ou Windows 11 Pro<br \/>\n&#x1f539; Design : Premium, l\u00e9ger et \u00e9l\u00e9gant \u2013 con\u00e7u pour les professionnels en mouvement<\/p>\n<p>\u2e3b<\/p>\n<p>&#x1f4de; Contact : 06 45 75 25 03<br \/>\n: 06 28 68 60 18<br \/>\n&#x1f4b0; Prix : 3800 DH<br \/>\n&#x1f4e6; Chargeur original inclus<br \/>\n&#x1f6e1;&#xfe0f; Garantie : 3 mois<\/p>\n","protected":false},"excerpt":{"rendered":"<p>&#x1f4de; Contact : 06 45 75 25 03<br \/>\n: 06 28 68 60 18<br \/>\n&#x1f4b0; Prix : 3800 DH<br \/>\n&#x1f4e6; Chargeur original inclus<br \/>\n&#x1f6e1;&#xfe0f; Garantie : 3 mois<\/p>\n","protected":false},"featured_media":2876,"comment_status":"open","ping_status":"closed","template":"","meta":[],"product_brand":[153],"product_cat":[140],"product_tag":[],"class_list":{"0":"post-106","1":"product","2":"type-product","3":"status-publish","4":"has-post-thumbnail","6":"product_brand-pc","7":"product_cat-pc-portable","9":"first","10":"instock","11":"taxable","12":"shipping-taxable","13":"purchasable","14":"product-type-simple"},"_links":{"self":[{"href":"https:\/\/cwmeknes.com\/index.php?rest_route=\/wp\/v2\/product\/106","targetHints":{"allow":["GET"]}}],"collection":[{"href":"https:\/\/cwmeknes.com\/index.php?rest_route=\/wp\/v2\/product"}],"about":[{"href":"https:\/\/cwmeknes.com\/index.php?rest_route=\/wp\/v2\/types\/product"}],"replies":[{"embeddable":true,"href":"https:\/\/cwmeknes.com\/index.php?rest_route=%2Fwp%2Fv2%2Fcomments&post=106"}],"wp:featuredmedia":[{"embeddable":true,"href":"https:\/\/cwmeknes.com\/index.php?rest_route=\/wp\/v2\/media\/2876"}],"wp:attachment":[{"href":"https:\/\/cwmeknes.com\/index.php?rest_route=%2Fwp%2Fv2%2Fmedia&parent=106"}],"wp:term":[{"taxonomy":"product_brand","embeddable":true,"href":"https:\/\/cwmeknes.com\/index.php?rest_route=%2Fwp%2Fv2%2Fproduct_brand&post=106"},{"taxonomy":"product_cat","embeddable":true,"href":"https:\/\/cwmeknes.com\/index.php?rest_route=%2Fwp%2Fv2%2Fproduct_cat&post=106"},{"taxonomy":"product_tag","embeddable":true,"href":"https:\/\/cwmeknes.com\/index.php?rest_route=%2Fwp%2Fv2%2Fproduct_tag&post=106"}],"curies":[{"name":"wp","href":"https:\/\/api.w.org\/{rel}","templated":true}]}}