{"id":1088,"date":"2026-01-16T14:32:27","date_gmt":"2026-01-16T13:32:27","guid":{"rendered":"https:\/\/cwmeknes.com\/product\/bicycle-helmet-blue\/"},"modified":"2026-01-29T11:24:12","modified_gmt":"2026-01-29T10:24:12","slug":"bicycle-helmet-blue","status":"publish","type":"product","link":"https:\/\/cwmeknes.com\/?product=bicycle-helmet-blue","title":{"rendered":"HP EliteBook 830 G8 \u2013 Tactile I5 10th 16 GB RAM \/ 256GB SSD"},"content":{"rendered":"<p>HP EliteBook 830 G8 \u2013 Tactile, \u00e9l\u00e9gant et performant<\/p>\n<p>&#x1f539; Processeur : Intel Core i5 \u2013 11\u1d49 g\u00e9n\u00e9ration &#x26a1;<br \/>\n&#x1f539; \u00c9cran : 13.3\u2033 Full HD tactile \u2013 R\u00e9actif, lumineux et confortable<br \/>\n&#x1f539; M\u00e9moire RAM : 16 Go DDR4 \u2013 Id\u00e9ale pour un multit\u00e2che fluide<br \/>\n&#x1f539; Stockage : 256 Go SSD NVMe \u2013 D\u00e9marrage rapide et excellente r\u00e9activit\u00e9<br \/>\n&#x1f539; Carte graphique : Intel Iris Xe Graphics \u2013 Parfaite pour bureautique et multim\u00e9dia<br \/>\n&#x1f539; Batterie : Autonomie jusqu\u2019\u00e0 +3 heures &#x1f50b;<br \/>\n&#x1f539; Connectivit\u00e9 :<br \/>\n\u2022 2 x USB-C (Thunderbolt 4)<br \/>\n\u2022 2 x USB 3.1<br \/>\n\u2022 HDMI<br \/>\n\u2022 Wi-Fi 6 &amp; Bluetooth 5.1<br \/>\n\u2022 Prise casque\/micro &#x1f3a7;<\/p>\n<p>&#x1f539; Syst\u00e8me d\u2019exploitation : Windows 11 Pro (pr\u00e9install\u00e9)<br \/>\n&#x1f539; Poids : \u00b1 1.25 kg \u2013 L\u00e9ger, design premium et robuste<\/p>\n<p>\u2e3b<br \/>\n&#x1f4b0; Prix : 3 400 DH<br \/>\n&#x1f4e6; Chargeur original inclus<br \/>\n&#x1f6e1;&#xfe0f; Garantie : 3 mois<\/p>\n<p>\u2e3b<br \/>\n&#x1f4de; Contact : 06 45 75 25 03 \/ 06 28 68 60 18<br \/>\n&#x1f4cd; Disponible imm\u00e9diatement \u2013 Livraison partout au Maroc<\/p>\n","protected":false},"excerpt":{"rendered":"<p>HP EliteBook 830 G8 \u2013 Tactile, \u00e9l\u00e9gant et performant<\/p>\n<p>&#x1f539; Processeur : Intel Core i5 \u2013 11\u1d49 g\u00e9n\u00e9ration &#x26a1;<br \/>\n&#x1f539; \u00c9cran : 13.3\u2033 Full HD tactile \u2013 R\u00e9actif, lumineux et confortable<br \/>\n&#x1f539; M\u00e9moire RAM : 16 Go DDR4 \u2013 Id\u00e9ale pour un multit\u00e2che fluide<br \/>\n&#x1f539; Stockage : 256 Go SSD NVMe \u2013 D\u00e9marrage rapide et excellente r\u00e9activit\u00e9<br \/>\n&#x1f539; Carte graphique : Intel Iris Xe Graphics \u2013 Parfaite pour bureautique et multim\u00e9dia<br \/>\n&#x1f539; Batterie : Autonomie jusqu\u2019\u00e0 +3 heures &#x1f50b;<\/p>\n","protected":false},"featured_media":3036,"comment_status":"open","ping_status":"closed","template":"","meta":[],"product_brand":[],"product_cat":[140],"product_tag":[],"class_list":{"0":"post-1088","1":"product","2":"type-product","3":"status-publish","4":"has-post-thumbnail","6":"product_cat-pc-portable","8":"first","9":"instock","10":"taxable","11":"shipping-taxable","12":"purchasable","13":"product-type-simple"},"_links":{"self":[{"href":"https:\/\/cwmeknes.com\/index.php?rest_route=\/wp\/v2\/product\/1088","targetHints":{"allow":["GET"]}}],"collection":[{"href":"https:\/\/cwmeknes.com\/index.php?rest_route=\/wp\/v2\/product"}],"about":[{"href":"https:\/\/cwmeknes.com\/index.php?rest_route=\/wp\/v2\/types\/product"}],"replies":[{"embeddable":true,"href":"https:\/\/cwmeknes.com\/index.php?rest_route=%2Fwp%2Fv2%2Fcomments&post=1088"}],"wp:featuredmedia":[{"embeddable":true,"href":"https:\/\/cwmeknes.com\/index.php?rest_route=\/wp\/v2\/media\/3036"}],"wp:attachment":[{"href":"https:\/\/cwmeknes.com\/index.php?rest_route=%2Fwp%2Fv2%2Fmedia&parent=1088"}],"wp:term":[{"taxonomy":"product_brand","embeddable":true,"href":"https:\/\/cwmeknes.com\/index.php?rest_route=%2Fwp%2Fv2%2Fproduct_brand&post=1088"},{"taxonomy":"product_cat","embeddable":true,"href":"https:\/\/cwmeknes.com\/index.php?rest_route=%2Fwp%2Fv2%2Fproduct_cat&post=1088"},{"taxonomy":"product_tag","embeddable":true,"href":"https:\/\/cwmeknes.com\/index.php?rest_route=%2Fwp%2Fv2%2Fproduct_tag&post=1088"}],"curies":[{"name":"wp","href":"https:\/\/api.w.org\/{rel}","templated":true}]}}