{"id":2959,"date":"2026-01-17T17:22:43","date_gmt":"2026-01-17T16:22:43","guid":{"rendered":"https:\/\/cwmeknes.com\/product\/apple-iphone-x-64gb-silver-fully-unlocked\/"},"modified":"2026-01-25T14:07:16","modified_gmt":"2026-01-25T13:07:16","slug":"apple-iphone-x-64gb-silver-fully-unlocked","status":"publish","type":"product","link":"https:\/\/cwmeknes.com\/?product=apple-iphone-x-64gb-silver-fully-unlocked","title":{"rendered":"Kingston Cl\u00e9 USB &#8211; 64GB &#8211; USB Pour Stockage"},"content":{"rendered":"<p>\u00c9tat : Objet neuf et intact, n&rsquo;ayant jamais servi, non ouvert, vendu dans son emballage d&rsquo;origine .\u00a0Capacit\u00e9 de stockage: 64 GoSp\u00e9cification USB: USB 3.2 Marque: KingstonData Traveler EXODIA\u00a0est un lecteur flash USB l\u00e9ger disponible dans des capacit\u00e9s allant de 8 Go \u00e0 128 Go. La conception compacte et sans capuchon du lecteur comporte un bo\u00eetier en m\u00e9tal qui compl\u00e8te tout appareil compatible et des accents color\u00e9s qui varient en fonction de la capacit\u00e9 du lecteur. R\u00e9trocompatible avec les ports USB 2.0 existants pour plus de commodit\u00e9, ce lecteur USB 3.2 facilite le transfert de donn\u00e9es entre p\u00e9riph\u00e9riques. EXODIA b\u00e9n\u00e9ficie d\u2019une garantie de cinq ans, d\u2019un support technique gratuit et de la fiabilit\u00e9 l\u00e9gendaire de Kingston.<\/p>\n","protected":false},"excerpt":{"rendered":"<p>\u00c9tat : Objet neuf et intact, n&rsquo;ayant jamais servi, non ouvert, vendu dans son emballage d&rsquo;origine .\u00a0Capacit\u00e9 de stockage: 64 GoSp\u00e9cification USB: USB 3.2 Marque: KingstonData Traveler EXODIA\u00a0est un lecteur flash USB l\u00e9ger disponible dans des capacit\u00e9s allant de 8 Go \u00e0 128 Go. La conception compacte et sans capuchon du lecteur comporte un bo\u00eetier<\/p>\n<div class=\"klb-readmore entry-button\"><a class=\"btn read-more\" href=\"https:\/\/cwmeknes.com\/?product=apple-iphone-x-64gb-silver-fully-unlocked\">Read More<\/a><\/div>\n","protected":false},"featured_media":3286,"comment_status":"open","ping_status":"closed","template":"","meta":[],"product_brand":[],"product_cat":[30,74],"product_tag":[],"class_list":{"0":"post-2959","1":"product","2":"type-product","3":"status-publish","4":"has-post-thumbnail","6":"product_cat-apple","7":"product_cat-phone-accessories","9":"first","10":"instock","11":"taxable","12":"shipping-taxable","13":"purchasable","14":"product-type-simple"},"_links":{"self":[{"href":"https:\/\/cwmeknes.com\/index.php?rest_route=\/wp\/v2\/product\/2959","targetHints":{"allow":["GET"]}}],"collection":[{"href":"https:\/\/cwmeknes.com\/index.php?rest_route=\/wp\/v2\/product"}],"about":[{"href":"https:\/\/cwmeknes.com\/index.php?rest_route=\/wp\/v2\/types\/product"}],"replies":[{"embeddable":true,"href":"https:\/\/cwmeknes.com\/index.php?rest_route=%2Fwp%2Fv2%2Fcomments&post=2959"}],"wp:featuredmedia":[{"embeddable":true,"href":"https:\/\/cwmeknes.com\/index.php?rest_route=\/wp\/v2\/media\/3286"}],"wp:attachment":[{"href":"https:\/\/cwmeknes.com\/index.php?rest_route=%2Fwp%2Fv2%2Fmedia&parent=2959"}],"wp:term":[{"taxonomy":"product_brand","embeddable":true,"href":"https:\/\/cwmeknes.com\/index.php?rest_route=%2Fwp%2Fv2%2Fproduct_brand&post=2959"},{"taxonomy":"product_cat","embeddable":true,"href":"https:\/\/cwmeknes.com\/index.php?rest_route=%2Fwp%2Fv2%2Fproduct_cat&post=2959"},{"taxonomy":"product_tag","embeddable":true,"href":"https:\/\/cwmeknes.com\/index.php?rest_route=%2Fwp%2Fv2%2Fproduct_tag&post=2959"}],"curies":[{"name":"wp","href":"https:\/\/api.w.org\/{rel}","templated":true}]}}