{"id":2960,"date":"2026-01-17T17:22:43","date_gmt":"2026-01-17T16:22:43","guid":{"rendered":"https:\/\/cwmeknes.com\/product\/dragon-touch-max10-tablet-android-10-0-os\/"},"modified":"2026-01-25T14:50:39","modified_gmt":"2026-01-25T13:50:39","slug":"dragon-touch-max10-tablet-android-10-0-os","status":"publish","type":"product","link":"https:\/\/cwmeknes.com\/?product=dragon-touch-max10-tablet-android-10-0-os","title":{"rendered":"Adaptateur USB vers RG45 \/ USB to RG45 adapter"},"content":{"rendered":"<p>Dongle r\u00e9seau Ethernet vers USB 2.0 RJ45 10\/100Mbps : USB to RJ45Le dongle r\u00e9seau USB 2.0 est un adaptateur convertit RJ45 femelle en USB 2.0 m\u00e2le pour connecter l&rsquo;Internet au PC via l&rsquo;interface USB.\u00a0L&rsquo;adaptateur est parfait pour l&rsquo;ordinateur qui n&rsquo;a pas de port Ethernet.Prise en charge de 10 Mbps et 100 Mbps d&rsquo;auto-n\u00e9gociation N-way &#8211; Prise t\u00e9l\u00e9phonique RJ45 shield<br \/>\nAdaptateur Ethernet USB 2.0 pour Tablet PC\u00a0\u00a0Android TV Adaptateur Ethernet USB 2.0 pour Tablet PC\u00a0\u00a0Android TV Longueur: 20cm (Blanc) Longueur: 20cm (Blanc),\u00a0facilit\u00e9 de bien connecter avec un cable r\u00e9seaux ans utilis\u00e9 le wifi<\/p>\n","protected":false},"excerpt":{"rendered":"<p>Dongle r\u00e9seau Ethernet vers USB 2.0 RJ45 10\/100Mbps : USB to RJ45Le dongle r\u00e9seau USB 2.0 est un adaptateur convertit RJ45 femelle en USB 2.0 m\u00e2le pour connecter l&rsquo;Internet au PC via l&rsquo;interface USB.\u00a0L&rsquo;adaptateur est parfait pour l&rsquo;ordinateur qui n&rsquo;a pas de port Ethernet.Prise en charge de 10 Mbps et 100 Mbps d&rsquo;auto-n\u00e9gociation N-way &#8211;<\/p>\n<div class=\"klb-readmore entry-button\"><a class=\"btn read-more\" href=\"https:\/\/cwmeknes.com\/?product=dragon-touch-max10-tablet-android-10-0-os\">Read More<\/a><\/div>\n","protected":false},"featured_media":3301,"comment_status":"open","ping_status":"closed","template":"","meta":[],"product_brand":[],"product_cat":[96],"product_tag":[],"class_list":{"0":"post-2960","1":"product","2":"type-product","3":"status-publish","4":"has-post-thumbnail","6":"product_cat-tablets","7":"product_shipping_class-2-day-delivery","9":"first","10":"instock","11":"taxable","12":"shipping-taxable","13":"purchasable","14":"product-type-simple"},"_links":{"self":[{"href":"https:\/\/cwmeknes.com\/index.php?rest_route=\/wp\/v2\/product\/2960","targetHints":{"allow":["GET"]}}],"collection":[{"href":"https:\/\/cwmeknes.com\/index.php?rest_route=\/wp\/v2\/product"}],"about":[{"href":"https:\/\/cwmeknes.com\/index.php?rest_route=\/wp\/v2\/types\/product"}],"replies":[{"embeddable":true,"href":"https:\/\/cwmeknes.com\/index.php?rest_route=%2Fwp%2Fv2%2Fcomments&post=2960"}],"wp:featuredmedia":[{"embeddable":true,"href":"https:\/\/cwmeknes.com\/index.php?rest_route=\/wp\/v2\/media\/3301"}],"wp:attachment":[{"href":"https:\/\/cwmeknes.com\/index.php?rest_route=%2Fwp%2Fv2%2Fmedia&parent=2960"}],"wp:term":[{"taxonomy":"product_brand","embeddable":true,"href":"https:\/\/cwmeknes.com\/index.php?rest_route=%2Fwp%2Fv2%2Fproduct_brand&post=2960"},{"taxonomy":"product_cat","embeddable":true,"href":"https:\/\/cwmeknes.com\/index.php?rest_route=%2Fwp%2Fv2%2Fproduct_cat&post=2960"},{"taxonomy":"product_tag","embeddable":true,"href":"https:\/\/cwmeknes.com\/index.php?rest_route=%2Fwp%2Fv2%2Fproduct_tag&post=2960"}],"curies":[{"name":"wp","href":"https:\/\/api.w.org\/{rel}","templated":true}]}}