{"id":2966,"date":"2026-01-17T17:22:44","date_gmt":"2026-01-17T16:22:44","guid":{"rendered":"https:\/\/cwmeknes.com\/product\/apple-mhxh3tu-a-magsafe-charger\/"},"modified":"2026-01-25T14:47:57","modified_gmt":"2026-01-25T13:47:57","slug":"apple-mhxh3tu-a-magsafe-charger","status":"publish","type":"product","link":"https:\/\/cwmeknes.com\/?product=apple-mhxh3tu-a-magsafe-charger","title":{"rendered":"Amplificateur Adaptateur d&rsquo;extension HDMI vers RJ45 r\u00e9cepteur + transmetteur 30 m"},"content":{"rendered":"<p>Amplificateur noir Adaptateur d&rsquo;extension HDMI vers RJ45 r\u00e9cepteur et transmetteur par c\u00e2ble Cat-5e \/ 6, distance de transmission: 30 m<br \/>\nLa description<br \/>\nCe type de prolongateur HDMI par les c\u00e2bles CAT-5e \/ 6 n&rsquo;utilise qu&rsquo;un seul des c\u00e2bles CAT-5e \/ 6 pour \u00e9tendre l&rsquo;affichage HDTV jusqu&rsquo;\u00e0 30 m\u00e8tres pour 1080p. Cet adaptateur ne brise pas seulement la limitation de la longueur de transmission du c\u00e2ble HDMI, mais aussi A plus de souplesse et de commodit\u00e9 dans la construction de c\u00e2bles.<\/p>\n","protected":false},"excerpt":{"rendered":"<p>Amplificateur noir Adaptateur d&rsquo;extension HDMI vers RJ45 r\u00e9cepteur et transmetteur par c\u00e2ble Cat-5e \/ 6, distance de transmission: 30 m La description Ce type de prolongateur HDMI par les c\u00e2bles CAT-5e \/ 6 n&rsquo;utilise qu&rsquo;un seul des c\u00e2bles CAT-5e \/ 6 pour \u00e9tendre l&rsquo;affichage HDTV jusqu&rsquo;\u00e0 30 m\u00e8tres pour 1080p. Cet adaptateur ne brise pas<\/p>\n<div class=\"klb-readmore entry-button\"><a class=\"btn read-more\" href=\"https:\/\/cwmeknes.com\/?product=apple-mhxh3tu-a-magsafe-charger\">Read More<\/a><\/div>\n","protected":false},"featured_media":3299,"comment_status":"open","ping_status":"closed","template":"","meta":[],"product_brand":[],"product_cat":[16],"product_tag":[],"class_list":{"0":"post-2966","1":"product","2":"type-product","3":"status-publish","4":"has-post-thumbnail","6":"product_cat-uncategorized","8":"first","9":"instock","10":"taxable","11":"shipping-taxable","12":"purchasable","13":"product-type-simple"},"_links":{"self":[{"href":"https:\/\/cwmeknes.com\/index.php?rest_route=\/wp\/v2\/product\/2966","targetHints":{"allow":["GET"]}}],"collection":[{"href":"https:\/\/cwmeknes.com\/index.php?rest_route=\/wp\/v2\/product"}],"about":[{"href":"https:\/\/cwmeknes.com\/index.php?rest_route=\/wp\/v2\/types\/product"}],"replies":[{"embeddable":true,"href":"https:\/\/cwmeknes.com\/index.php?rest_route=%2Fwp%2Fv2%2Fcomments&post=2966"}],"wp:featuredmedia":[{"embeddable":true,"href":"https:\/\/cwmeknes.com\/index.php?rest_route=\/wp\/v2\/media\/3299"}],"wp:attachment":[{"href":"https:\/\/cwmeknes.com\/index.php?rest_route=%2Fwp%2Fv2%2Fmedia&parent=2966"}],"wp:term":[{"taxonomy":"product_brand","embeddable":true,"href":"https:\/\/cwmeknes.com\/index.php?rest_route=%2Fwp%2Fv2%2Fproduct_brand&post=2966"},{"taxonomy":"product_cat","embeddable":true,"href":"https:\/\/cwmeknes.com\/index.php?rest_route=%2Fwp%2Fv2%2Fproduct_cat&post=2966"},{"taxonomy":"product_tag","embeddable":true,"href":"https:\/\/cwmeknes.com\/index.php?rest_route=%2Fwp%2Fv2%2Fproduct_tag&post=2966"}],"curies":[{"name":"wp","href":"https:\/\/api.w.org\/{rel}","templated":true}]}}