{"id":2968,"date":"2026-01-17T17:22:45","date_gmt":"2026-01-17T16:22:45","guid":{"rendered":"https:\/\/cwmeknes.com\/product\/apple-iphone-11-pro-max-256gb-gold-fully-unlocked\/"},"modified":"2026-01-25T14:22:36","modified_gmt":"2026-01-25T13:22:36","slug":"apple-iphone-11-pro-max-256gb-gold-fully-unlocked","status":"publish","type":"product","link":"https:\/\/cwmeknes.com\/?product=apple-iphone-11-pro-max-256gb-gold-fully-unlocked","title":{"rendered":"Oraimo FreePods 3C \u00c9couteurs sans fil ENC-Noir"},"content":{"rendered":"<p>Version BT : V5.3<br \/>\nPort\u00e9e\u00a0: 10\u00a0m<br \/>\nCapacit\u00e9 de la batterie\u00a0: 55\u00a0mAh (\u00e9couteurs), 500\u00a0mAh (\u00e9tui)<br \/>\nAutonomie de la batterie\u00a0: jusqu&rsquo;\u00e0 8\u00a0heures de lecture \/ 5,5\u00a0heures de temps de conversation \/ L&rsquo;\u00e9tui fournit 28\u00a0heures suppl\u00e9mentaires<br \/>\nMod\u00e8le: OEB-E104DC-BLACK<\/p>\n<h3><\/h3>\n<h3><strong>Caract\u00e9ristiques du produit:<\/strong><\/h3>\n<p><strong>\u00c9couteurs intra-auriculaires et semi intra-auriculaires<\/strong><\/p>\n<p><strong>Une paire, deux modes au choix<\/strong><\/p>\n<p>FreePods 3C est \u00e9quip\u00e9 d&#8217;embouts d\u00e9tachables et offre deux modes d&rsquo;\u00e9coute. Lorsque les embouts sont attach\u00e9s, le MODE BASS s&rsquo;active et bloque le bruit environnemental et r\u00e9duit les fuites sonores pour une exp\u00e9rience premium de la musique basse. Le MODE AWARENESS est activ\u00e9 sans embouts, permettant plus de confort et une prise de conscience de l&rsquo;environnement.<\/p>\n<p><strong>5 r\u00e9glages de l&rsquo;\u00e9galiseur (EQ) et plus<\/strong><br \/>\n<strong>R\u00e9galez la musique \u00e0 vos go\u00fbts<\/strong><\/p>\n<p>Il vous offre syst\u00e9matiquement la meilleure qualit\u00e9 sonore en r\u00e9glant sans effort l&rsquo;audio sur l&rsquo;application oraimo Sound. oraimo donne \u00e9galement aux audiophiles et aux passionn\u00e9s de musique les outils pour adapter leur style exclusif. *Scannez pour t\u00e9l\u00e9charger l&rsquo;application oraimo Sound depuis l&rsquo;App Store ou Google Play.<\/p>\n<p><strong>Technologie ENC 4 micros<\/strong><br \/>\n<strong>Qualit\u00e9 de voix HD dans les appels<\/strong><\/p>\n<p>Gr\u00e2ce au Beamforming (filtrage spatial) \u00e0 4 micros, FreePods 3C suit et offre un signal vocal de haute qualit\u00e9. Son algorithme AI Deep Neural Network r\u00e9duit le bruit environnemental. Votre voix sera parfaitement claire pour la personne \u00e0 l&rsquo;autre bout du fil.<\/p>\n<p><strong>Musique de basse forte<\/strong><br \/>\n<strong>Haut -parleurs 13 mm et r\u00e9glage<\/strong><\/p>\n<p>HavyBass&#x2122;Dot\u00e9 de l&rsquo;algorithme exclusif HavyBass &#x2122;, FreePods 3C offre une exp\u00e9rience sonore immersive avec ses pilotes tr\u00e8s sensible de 13 mm qui vous emm\u00e8ne des basses puissantes. Profitez d&rsquo;une musique enrichie et donnez vie \u00e0 l&rsquo;audio avec le son dynamique qui reproduit chaque d\u00e9tail comme l&rsquo;artiste l&rsquo;a voulu.<\/p>\n<p><strong>Autonomie de la batterie de 36 heures<\/strong><br \/>\n<strong>Laissez la musique jouer jour et nuit sans arr\u00eat<\/strong><\/p>\n<p>Sur une charge compl\u00e8te, oraimo FreePods 3C offre 8 heures d&rsquo;autonomie et le bo\u00eetier de charge offre 28 heures suppl\u00e9mentaires.<\/p>\n<p><strong>Chargez 10 minutes, jouez 140 minutes<\/strong><br \/>\n<strong>Soyez toujours pr\u00eat<\/strong><\/p>\n<p>10 minutes de charge promet 140 minutes d&rsquo;autonomie. Vous pouvez mettre les \u00e9couteurs en charge dans les derni\u00e8res minutes avant de vous d\u00e9placer ou de faire de l&rsquo;exercice.<\/p>\n<p><strong>Mode de jeu \u00e0 faible latence<\/strong><br \/>\n<strong>Synchronisation audio et vid\u00e9o en un instant<\/strong><\/p>\n<p>Avec Bluetooth 5.3 et le Mode Jeu, vous pouvez \u00e9merger dans votre jeu avec une synchronisation audio et vid\u00e9o en quelques secondes.<\/p>\n<p><strong>Indice de protection IPX5<\/strong><br \/>\n<strong>Protection contre l&rsquo;eau et la sueur<\/strong><\/p>\n<p>Avec IPX5, FreePods 3C \u00e9tanchant \u00e0 la pluie et \u00e0 la sueur est toujours avec vous, quelles que soient les conditions ext\u00e9rieures.* IPX5 \u00e9tanchant \u00e0 l&rsquo;eau est uniquement pour les \u00e9couteurs, pas le bo\u00eetier de charge.<\/p>\n<p><strong>Capteur de force intuitif<\/strong><br \/>\n<strong>Prenez tout en contr\u00f4le avec un simple toucher<\/strong><\/p>\n<p>Contr\u00f4lez votre musique, vos appels et acc\u00e9dez \u00e0 l&rsquo;assistant vocal gr\u00e2ce \u00e0 la technologie de capteur tactile int\u00e9gr\u00e9e aux deux \u00e9couteurs.<\/p>\n","protected":false},"excerpt":{"rendered":"<ul>\n<li>Fully Unlocked<\/li>\n<li>iPhone 11 Pro Max<\/li>\n<li>6.50 in<\/li>\n<\/ul>\n","protected":false},"featured_media":3291,"comment_status":"open","ping_status":"closed","template":"","meta":[],"product_brand":[155],"product_cat":[139],"product_tag":[],"class_list":{"0":"post-2968","1":"product","2":"type-product","3":"status-publish","4":"has-post-thumbnail","6":"product_brand-accueil-2","7":"product_cat-accessories","9":"first","10":"instock","11":"taxable","12":"shipping-taxable","13":"purchasable","14":"product-type-simple"},"_links":{"self":[{"href":"https:\/\/cwmeknes.com\/index.php?rest_route=\/wp\/v2\/product\/2968","targetHints":{"allow":["GET"]}}],"collection":[{"href":"https:\/\/cwmeknes.com\/index.php?rest_route=\/wp\/v2\/product"}],"about":[{"href":"https:\/\/cwmeknes.com\/index.php?rest_route=\/wp\/v2\/types\/product"}],"replies":[{"embeddable":true,"href":"https:\/\/cwmeknes.com\/index.php?rest_route=%2Fwp%2Fv2%2Fcomments&post=2968"}],"wp:featuredmedia":[{"embeddable":true,"href":"https:\/\/cwmeknes.com\/index.php?rest_route=\/wp\/v2\/media\/3291"}],"wp:attachment":[{"href":"https:\/\/cwmeknes.com\/index.php?rest_route=%2Fwp%2Fv2%2Fmedia&parent=2968"}],"wp:term":[{"taxonomy":"product_brand","embeddable":true,"href":"https:\/\/cwmeknes.com\/index.php?rest_route=%2Fwp%2Fv2%2Fproduct_brand&post=2968"},{"taxonomy":"product_cat","embeddable":true,"href":"https:\/\/cwmeknes.com\/index.php?rest_route=%2Fwp%2Fv2%2Fproduct_cat&post=2968"},{"taxonomy":"product_tag","embeddable":true,"href":"https:\/\/cwmeknes.com\/index.php?rest_route=%2Fwp%2Fv2%2Fproduct_tag&post=2968"}],"curies":[{"name":"wp","href":"https:\/\/api.w.org\/{rel}","templated":true}]}}