{"id":2969,"date":"2026-01-17T17:22:45","date_gmt":"2026-01-17T16:22:45","guid":{"rendered":"https:\/\/cwmeknes.com\/product\/apple-iphone-11-pro-max-64gb-silver\/"},"modified":"2026-01-25T14:29:19","modified_gmt":"2026-01-25T13:29:19","slug":"apple-iphone-11-pro-max-64gb-silver","status":"publish","type":"product","link":"https:\/\/cwmeknes.com\/?product=apple-iphone-11-pro-max-64gb-silver","title":{"rendered":"Display Port Male to HDMI Female Adapter Haute Qualit\u00e9"},"content":{"rendered":"<p>L\u2019adaptateur DisplayPort vers HDMI &#8211; Noir est con\u00e7u pour connecter des syst\u00e8mes informatiques \u00e9quip\u00e9s de DisplayPort \u00e0 des moniteurs dot\u00e9s de HDMI, offrant une qualit\u00e9 vid\u00e9o optimale allant jusqu\u2019\u00e0 HDTV 1080p ou en graphiques PC 1920 x 1200. Il s&rsquo;agit d&rsquo;une solution \u00e9conomique permettant \u00e0 votre ordinateur DisplayPort de fonctionner avec l&rsquo;\u00e9cran HDMI pour le travail, les loisirs \u00e0 domicile, les salles de conf\u00e9rence, etc.<\/p>\n","protected":false},"excerpt":{"rendered":"<p>L\u2019adaptateur DisplayPort vers HDMI &#8211; Noir est con\u00e7u pour connecter des syst\u00e8mes informatiques \u00e9quip\u00e9s de DisplayPort \u00e0 des moniteurs dot\u00e9s de HDMI, offrant une qualit\u00e9 vid\u00e9o optimale allant jusqu\u2019\u00e0 HDTV 1080p ou en graphiques PC 1920 x 1200. Il s&rsquo;agit d&rsquo;une solution \u00e9conomique permettant \u00e0 votre ordinateur DisplayPort de fonctionner avec l&rsquo;\u00e9cran HDMI pour le<\/p>\n<div class=\"klb-readmore entry-button\"><a class=\"btn read-more\" href=\"https:\/\/cwmeknes.com\/?product=apple-iphone-11-pro-max-64gb-silver\">Read More<\/a><\/div>\n","protected":false},"featured_media":3293,"comment_status":"open","ping_status":"closed","template":"","meta":[],"product_brand":[155],"product_cat":[139,30],"product_tag":[],"class_list":{"0":"post-2969","1":"product","2":"type-product","3":"status-publish","4":"has-post-thumbnail","6":"product_brand-accueil-2","7":"product_cat-accessories","8":"product_cat-apple","9":"product_shipping_class-2-day-delivery","11":"first","12":"instock","13":"taxable","14":"shipping-taxable","15":"purchasable","16":"product-type-simple"},"_links":{"self":[{"href":"https:\/\/cwmeknes.com\/index.php?rest_route=\/wp\/v2\/product\/2969","targetHints":{"allow":["GET"]}}],"collection":[{"href":"https:\/\/cwmeknes.com\/index.php?rest_route=\/wp\/v2\/product"}],"about":[{"href":"https:\/\/cwmeknes.com\/index.php?rest_route=\/wp\/v2\/types\/product"}],"replies":[{"embeddable":true,"href":"https:\/\/cwmeknes.com\/index.php?rest_route=%2Fwp%2Fv2%2Fcomments&post=2969"}],"wp:featuredmedia":[{"embeddable":true,"href":"https:\/\/cwmeknes.com\/index.php?rest_route=\/wp\/v2\/media\/3293"}],"wp:attachment":[{"href":"https:\/\/cwmeknes.com\/index.php?rest_route=%2Fwp%2Fv2%2Fmedia&parent=2969"}],"wp:term":[{"taxonomy":"product_brand","embeddable":true,"href":"https:\/\/cwmeknes.com\/index.php?rest_route=%2Fwp%2Fv2%2Fproduct_brand&post=2969"},{"taxonomy":"product_cat","embeddable":true,"href":"https:\/\/cwmeknes.com\/index.php?rest_route=%2Fwp%2Fv2%2Fproduct_cat&post=2969"},{"taxonomy":"product_tag","embeddable":true,"href":"https:\/\/cwmeknes.com\/index.php?rest_route=%2Fwp%2Fv2%2Fproduct_tag&post=2969"}],"curies":[{"name":"wp","href":"https:\/\/api.w.org\/{rel}","templated":true}]}}