{"id":2972,"date":"2026-01-17T17:22:45","date_gmt":"2026-01-17T16:22:45","guid":{"rendered":"https:\/\/cwmeknes.com\/product\/apple-11-inch-ipad-pro-2021-wi-fi-128gb\/"},"modified":"2026-01-25T00:47:26","modified_gmt":"2026-01-24T23:47:26","slug":"apple-11-inch-ipad-pro-2021-wi-fi-128gb","status":"publish","type":"product","link":"https:\/\/cwmeknes.com\/?product=apple-11-inch-ipad-pro-2021-wi-fi-128gb","title":{"rendered":"Handboss Bouteille 650ml Nettoyage Mousse universelle Agent spray PC Surface Cleaner"},"content":{"rendered":"<p>Ce nettoyant de surface pour PC en a\u00e9rosol universel polyvalent antistatique en mousse avec agent de nettoyage de 650 ml soul\u00e8ve rapidement la salet\u00e9 incrust\u00e9e, la graisse et la salet\u00e9 provenant de la coul\u00e9e largement utilis\u00e9e dans l\u2019industrie informatique. Il suffit de vaporiser et de laisser la mousse d\u00e9composer la contamination, puis d\u2019\u00e9liminer les r\u00e9sidus pour un nettoyage tr\u00e8s propre.\u00a0Mais vous remarquerez peut-\u00eatre que ne le vaporisez pas directement sur les claviers. De plus, ce nettoyant est tr\u00e8s polyvalent car il est \u00e9galement applicable \u00e0 la surface des extrudeuses \u00e0 huile, des ventilateurs, des m\u00e9taux et du plastique; meubles, sols, murs, produits c\u00e9ramiques, etc. En r\u00e9sum\u00e9, c\u2019est un excellent partenaire pour les utilisateurs d\u2019ordinateurs.\u00a0Fonctionnalit\u00e9s Adopter un agent de surface naturel Optimiser les performances et prolonger la dur\u00e9e de vie de votre \u00e9quipement Nettoyant moussant non abrasif qui enl\u00e8ve la poussi\u00e8re, les traces de doigts et les taches d\u2019encre. taches tenaces et r\u00e9sistantes Sans danger pour les plastiques, les m\u00e9taux et les surfaces peintes Format professionnel 650 ml \u2013 Excellent rapport qualit\u00e9-prix Sp\u00e9cifications Mat\u00e9riau Surface naturelle Surface Agent Capacit\u00e9 650 ml Applicable pour la surface des extrudeuses \u00e0 huile, des ventilateurs, des m\u00e9taux et du plastique; et la surface ext\u00e9rieure des voitures, des avions, des navires et des machines industrielles; divers \u00e9quipements de bureau, y compris un ordinateur, un copieur et une imprimante.<\/p>\n","protected":false},"excerpt":{"rendered":"<p>Ce nettoyant de surface pour PC en a\u00e9rosol universel polyvalent antistatique en mousse avec agent de nettoyage de 650 ml soul\u00e8ve rapidement la salet\u00e9 incrust\u00e9e, la graisse et la salet\u00e9 provenant de la coul\u00e9e largement utilis\u00e9e dans l\u2019industrie informatique. Il suffit de vaporiser et de laisser la mousse d\u00e9composer la contamination, puis d\u2019\u00e9liminer les r\u00e9sidus<\/p>\n<div class=\"klb-readmore entry-button\"><a class=\"btn read-more\" href=\"https:\/\/cwmeknes.com\/?product=apple-11-inch-ipad-pro-2021-wi-fi-128gb\">Read More<\/a><\/div>\n","protected":false},"featured_media":3268,"comment_status":"open","ping_status":"closed","template":"","meta":[],"product_brand":[],"product_cat":[139],"product_tag":[],"class_list":{"0":"post-2972","1":"product","2":"type-product","3":"status-publish","4":"has-post-thumbnail","6":"product_cat-accessories","7":"product_shipping_class-2-day-delivery","9":"first","10":"instock","11":"taxable","12":"shipping-taxable","13":"purchasable","14":"product-type-simple"},"_links":{"self":[{"href":"https:\/\/cwmeknes.com\/index.php?rest_route=\/wp\/v2\/product\/2972","targetHints":{"allow":["GET"]}}],"collection":[{"href":"https:\/\/cwmeknes.com\/index.php?rest_route=\/wp\/v2\/product"}],"about":[{"href":"https:\/\/cwmeknes.com\/index.php?rest_route=\/wp\/v2\/types\/product"}],"replies":[{"embeddable":true,"href":"https:\/\/cwmeknes.com\/index.php?rest_route=%2Fwp%2Fv2%2Fcomments&post=2972"}],"wp:featuredmedia":[{"embeddable":true,"href":"https:\/\/cwmeknes.com\/index.php?rest_route=\/wp\/v2\/media\/3268"}],"wp:attachment":[{"href":"https:\/\/cwmeknes.com\/index.php?rest_route=%2Fwp%2Fv2%2Fmedia&parent=2972"}],"wp:term":[{"taxonomy":"product_brand","embeddable":true,"href":"https:\/\/cwmeknes.com\/index.php?rest_route=%2Fwp%2Fv2%2Fproduct_brand&post=2972"},{"taxonomy":"product_cat","embeddable":true,"href":"https:\/\/cwmeknes.com\/index.php?rest_route=%2Fwp%2Fv2%2Fproduct_cat&post=2972"},{"taxonomy":"product_tag","embeddable":true,"href":"https:\/\/cwmeknes.com\/index.php?rest_route=%2Fwp%2Fv2%2Fproduct_tag&post=2972"}],"curies":[{"name":"wp","href":"https:\/\/api.w.org\/{rel}","templated":true}]}}