{"id":2973,"date":"2026-01-17T17:22:46","date_gmt":"2026-01-17T16:22:46","guid":{"rendered":"https:\/\/cwmeknes.com\/product\/apple-10-9-inch-ipad-air-wi-fi-cellular-64gb\/"},"modified":"2026-01-25T14:13:21","modified_gmt":"2026-01-25T13:13:21","slug":"accessories","status":"publish","type":"product","link":"https:\/\/cwmeknes.com\/?product=accessories","title":{"rendered":"Adaptateur 8en1 Type-C Vers PD HDTV HDMI 4K RJ45 USB 3.0\/3.1 Carte SD\/TF"},"content":{"rendered":"<h3 class=\"a-spacing-mini\">Plus de ports. Plus de commodit\u00e9.<br \/>\nUtilisez le port Thunderbolt 3 de votre MacBook Pro pour un chargement direct et un transfert de donn\u00e9es rapide, le tout sans sacrifier vos ports USB 3.0, lecteur de carte SD \/ Micro, port HDMI 4k et Type-C.<br \/>\nConnexion USB-C Thunderbolt 3 rapide Le port Thunderbolt 3 ajout\u00e9 prend en charge le transfert de donn\u00e9es \u00e0 des vitesses allant jusqu&rsquo;\u00e0 40 Gbit \/ s et la charge transitoire pour les mod\u00e8les MacBook Pro 13 \u201d(61W) et 15\u201d (87W).<br \/>\nAffichage vid\u00e9o HDMI 4K Utilisez le port HDMI pour diffuser une vid\u00e9o nette et haute r\u00e9solution sur les \u00e9crans de votre moniteur 4k.<br \/>\nConnectez simplement un c\u00e2ble HDMI de l&rsquo;adaptateur Pro Hub \u00e0 votre moniteur externe pour afficher un affichage cristallin.<br \/>\nPlug and Play et compatibilit\u00e9 \u00e9tendue<br \/>\nNe n\u00e9cessite aucun logiciel, pilote ou processus d&rsquo;installation compliqu\u00e9.<br \/>\nUn hub d&rsquo;extension USB-C id\u00e9al pour Apple MacBook Pro, Google Pixel, ChromeBook, Dell XPS, Huawei Matebook et autres appareils de type C.<br \/>\nFonctionne sur Mac OS X 10.6 ou sup\u00e9rieur; Windows XP, 7 ou sup\u00e9rieur; Chrome OS et autres appareils \u00e9quip\u00e9s d&rsquo;un port USB-C.<\/h3>\n","protected":false},"excerpt":{"rendered":"<p>Plus de ports. Plus de commodit\u00e9. Utilisez le port Thunderbolt 3 de votre MacBook Pro pour un chargement direct et un transfert de donn\u00e9es rapide, le tout sans sacrifier vos ports USB 3.0, lecteur de carte SD \/ Micro, port HDMI 4k et Type-C. Connexion USB-C Thunderbolt 3 rapide Le port Thunderbolt 3 ajout\u00e9 prend<\/p>\n<div class=\"klb-readmore entry-button\"><a class=\"btn read-more\" href=\"https:\/\/cwmeknes.com\/?product=accessories\">Read More<\/a><\/div>\n","protected":false},"featured_media":3287,"comment_status":"open","ping_status":"closed","template":"","meta":[],"product_brand":[155],"product_cat":[139],"product_tag":[],"class_list":{"0":"post-2973","1":"product","2":"type-product","3":"status-publish","4":"has-post-thumbnail","6":"product_brand-accueil-2","7":"product_cat-accessories","8":"product_shipping_class-2-day-delivery","10":"first","11":"instock","12":"featured","13":"taxable","14":"shipping-taxable","15":"purchasable","16":"product-type-simple"},"_links":{"self":[{"href":"https:\/\/cwmeknes.com\/index.php?rest_route=\/wp\/v2\/product\/2973","targetHints":{"allow":["GET"]}}],"collection":[{"href":"https:\/\/cwmeknes.com\/index.php?rest_route=\/wp\/v2\/product"}],"about":[{"href":"https:\/\/cwmeknes.com\/index.php?rest_route=\/wp\/v2\/types\/product"}],"replies":[{"embeddable":true,"href":"https:\/\/cwmeknes.com\/index.php?rest_route=%2Fwp%2Fv2%2Fcomments&post=2973"}],"wp:featuredmedia":[{"embeddable":true,"href":"https:\/\/cwmeknes.com\/index.php?rest_route=\/wp\/v2\/media\/3287"}],"wp:attachment":[{"href":"https:\/\/cwmeknes.com\/index.php?rest_route=%2Fwp%2Fv2%2Fmedia&parent=2973"}],"wp:term":[{"taxonomy":"product_brand","embeddable":true,"href":"https:\/\/cwmeknes.com\/index.php?rest_route=%2Fwp%2Fv2%2Fproduct_brand&post=2973"},{"taxonomy":"product_cat","embeddable":true,"href":"https:\/\/cwmeknes.com\/index.php?rest_route=%2Fwp%2Fv2%2Fproduct_cat&post=2973"},{"taxonomy":"product_tag","embeddable":true,"href":"https:\/\/cwmeknes.com\/index.php?rest_route=%2Fwp%2Fv2%2Fproduct_tag&post=2973"}],"curies":[{"name":"wp","href":"https:\/\/api.w.org\/{rel}","templated":true}]}}