{"id":3306,"date":"2026-01-26T13:01:49","date_gmt":"2026-01-26T12:01:49","guid":{"rendered":"https:\/\/cwmeknes.com\/?post_type=product&#038;p=3306"},"modified":"2026-01-26T13:01:50","modified_gmt":"2026-01-26T12:01:50","slug":"hp-elitebook-840-g5-i7-8th-512-16-3","status":"publish","type":"product","link":"https:\/\/cwmeknes.com\/?product=hp-elitebook-840-g5-i7-8th-512-16-3","title":{"rendered":"Hp Elitebook 840 G5 i7 8th 512\/16"},"content":{"rendered":"<p>&#x1f4bb; HP EliteBook 840 G5 \u2013 Robuste, fiable et performant<\/p>\n<p>&#x1f539; Processeur : Intel Core i7 8\u1d49 g\u00e9n\u00e9ration (i7-8650U)<br \/>\n\u2022 Fr\u00e9quence de base : 1.90 GHz<br \/>\n\u2022 Turbo Boost jusqu\u2019\u00e0 4.20 GHz &#x26a1;<br \/>\n&#x1f539; M\u00e9moire RAM : 16 Go DDR4 \u2013 Parfait pour multit\u00e2che et usage professionnel<br \/>\n&#x1f539; Stockage : 512 Go SSD NVMe \u2013 D\u00e9marrage rapide et grande capacit\u00e9<br \/>\n&#x1f539; Carte graphique : Intel UHD Graphics 620 \u2013 Id\u00e9ale pour bureautique et multim\u00e9dia<br \/>\n&#x1f539; \u00c9cran : 14\u2033 Full HD \u2013 Confortable et net<br \/>\n&#x1f539; Clavier : R\u00e9tro\u00e9clair\u00e9 &#x1f4a1; \u2013 Utilisation agr\u00e9able m\u00eame la nuit<br \/>\n&#x1f539; Batterie : Autonomie \u00e0 partir de 3 heures selon usage &#x1f50b;<br \/>\n&#x1f539; Connectivit\u00e9 :<br \/>\n\u2022 USB-C (Thunderbolt)<br \/>\n\u2022 USB 3.1<br \/>\n\u2022 HDMI<br \/>\n\u2022 Ethernet<br \/>\n\u2022 Wi-Fi &amp; Bluetooth<br \/>\n\u2022 Prise casque\/micro &#x1f3a7;<\/p>\n<p>&#x1f539; Syst\u00e8me d\u2019exploitation : Windows 10 \/ 11 Pro<br \/>\n&#x1f539; Poids : \u00b1 1.48 kg \u2013 Solide et facile \u00e0 transporter<\/p>\n<p>\u2e3b<br \/>\n&#x1f4b0; Prix : 3 300 DH<br \/>\n&#x1f4e6; Chargeur original inclus<br \/>\n&#x1f6e1;&#xfe0f; Garantie : 3 mois<\/p>\n<p>\u2e3b<br \/>\n&#x1f4de; Contact : 06 45 75 25 03 \/ 06 28 68 60 18<br \/>\n&#x1f4cd; Disponible imm\u00e9diatement \u2013 Livraison partout au Maroc<\/p>\n","protected":false},"excerpt":{"rendered":"<p>&#x1f539; Processeur : Intel Core i7 8\u1d49 g\u00e9n\u00e9ration (i7-8650U)<br \/>\n\u2022 Fr\u00e9quence de base : 1.90 GHz<br \/>\n\u2022 Turbo Boost jusqu\u2019\u00e0 4.20 GHz &#x26a1;<br \/>\n&#x1f539; M\u00e9moire RAM : 16 Go DDR4 \u2013 Parfait pour multit\u00e2che et usage professionnel<br \/>\n&#x1f539; Stockage : 512 Go SSD NVMe \u2013 D\u00e9marrage rapide et grande capacit\u00e9<br \/>\n&#x1f539; Carte graphique : Intel UHD Graphics 620 \u2013 Id\u00e9ale pour bureautique et multim\u00e9dia<\/p>\n","protected":false},"featured_media":3307,"comment_status":"open","ping_status":"closed","template":"","meta":[],"product_brand":[168],"product_cat":[140],"product_tag":[],"class_list":{"0":"post-3306","1":"product","2":"type-product","3":"status-publish","4":"has-post-thumbnail","6":"product_brand-hp","7":"product_cat-pc-portable","9":"first","10":"instock","11":"taxable","12":"shipping-taxable","13":"purchasable","14":"product-type-simple"},"_links":{"self":[{"href":"https:\/\/cwmeknes.com\/index.php?rest_route=\/wp\/v2\/product\/3306","targetHints":{"allow":["GET"]}}],"collection":[{"href":"https:\/\/cwmeknes.com\/index.php?rest_route=\/wp\/v2\/product"}],"about":[{"href":"https:\/\/cwmeknes.com\/index.php?rest_route=\/wp\/v2\/types\/product"}],"replies":[{"embeddable":true,"href":"https:\/\/cwmeknes.com\/index.php?rest_route=%2Fwp%2Fv2%2Fcomments&post=3306"}],"wp:featuredmedia":[{"embeddable":true,"href":"https:\/\/cwmeknes.com\/index.php?rest_route=\/wp\/v2\/media\/3307"}],"wp:attachment":[{"href":"https:\/\/cwmeknes.com\/index.php?rest_route=%2Fwp%2Fv2%2Fmedia&parent=3306"}],"wp:term":[{"taxonomy":"product_brand","embeddable":true,"href":"https:\/\/cwmeknes.com\/index.php?rest_route=%2Fwp%2Fv2%2Fproduct_brand&post=3306"},{"taxonomy":"product_cat","embeddable":true,"href":"https:\/\/cwmeknes.com\/index.php?rest_route=%2Fwp%2Fv2%2Fproduct_cat&post=3306"},{"taxonomy":"product_tag","embeddable":true,"href":"https:\/\/cwmeknes.com\/index.php?rest_route=%2Fwp%2Fv2%2Fproduct_tag&post=3306"}],"curies":[{"name":"wp","href":"https:\/\/api.w.org\/{rel}","templated":true}]}}